{"id":433,"date":"2023-07-11T14:53:19","date_gmt":"2023-07-11T14:53:19","guid":{"rendered":"https:\/\/elearning.mileageproject.eu\/mileage-handbook-for-educators\/"},"modified":"2024-02-13T10:53:16","modified_gmt":"2024-02-13T10:53:16","slug":"mileage-handbook-for-educators","status":"publish","type":"page","link":"https:\/\/www.elearning.mileageproject.eu\/cs\/mileage-handbook-for-educators\/","title":{"rendered":"P\u0159\u00edru\u010dka"},"content":{"rendered":"<div>\n<div class=\"uk-panel uk-margin\">\n<p><span>Tento dokument obsahuje informace a pokyny, kter\u00e9 pedagogov\u00e9 pot\u0159ebuj\u00ed k pou\u017e\u00edv\u00e1n\u00ed n\u00e1stroj\u016f MILEAGE a k poskytov\u00e1n\u00ed v\u00fdukov\u00e9ho programu MILEAGE c\u00edlov\u00e9 skupin\u011b. Pedagogov\u00e9 mus\u00ed v\u011bd\u011bt, co je pro seniory relevantn\u00ed a jak navrhovan\u00e9 n\u00e1stroje pou\u017e\u00edvat. Pot\u0159ebuj\u00ed tak\u00e9 jasnou p\u0159edstavu o probl\u00e9mech, kter\u00fdm dnes senio\u0159i \u010del\u00ed, a n\u00e1vod, jak je podpo\u0159it p\u0159i p\u0159ekon\u00e1v\u00e1n\u00ed p\u0159ek\u00e1\u017eek i rizik. P\u0159\u00edru\u010dka nab\u00edz\u00ed n\u00e1vrhy, jak zajistit, aby mlad\u0161\u00ed senio\u0159i byli motivov\u00e1ni k podpo\u0159e star\u0161\u00edch senior\u016f a aby vzd\u011blavatel\u00e9 v\u011bd\u011bli, jak podpo\u0159it dobr\u00e9 mo\u017enosti vz\u00e1jemn\u00e9ho u\u010den\u00ed a socializace. Pedagogov\u00e9 a senior\u0161t\u00ed vrstevn\u00edci mohou z p\u0159\u00edru\u010dky \u010derpat inspiraci pro \u00fapravu sv\u00e9ho komunika\u010dn\u00edho stylu a pedagogiky.<\/span><\/p>\n<\/div>\n<p><span>\u00a0<\/span><\/p>\n<\/div>\n<p>\n    <a href=\"\/wp-content\/uploads\/2024\/02\/CZ-Handbook-for-Educators.pdf\">St\u00e1hn\u011bte si p\u0159\u00edru\u010dku <\/a>\n<\/p>\n<p><!--more--><br \/>\n<!-- {\"type\":\"layout\",\"children\":[{\"type\":\"section\",\"props\":{\"height\":\"expand\",\"image_position\":\"center-center\",\"padding_remove_top\":false,\"style\":\"default\",\"title_breakpoint\":\"xl\",\"title_position\":\"top-left\",\"title_rotation\":\"left\",\"vertical_align\":\"middle\",\"width\":\"default\"},\"children\":[{\"type\":\"row\",\"children\":[{\"type\":\"column\",\"props\":{\"image_position\":\"center-center\",\"media_overlay_gradient\":\"\",\"position_sticky_breakpoint\":\"m\"},\"children\":[{\"type\":\"headline\",\"props\":{\"title_color\":\"success\",\"title_element\":\"h1\"},\"source\":{\"query\":{\"name\":\"pages.singlePage\"},\"props\":{\"content\":{\"filters\":{\"search\":\"\"},\"name\":\"title\"}}}},{\"type\":\"text\",\"props\":{\"column_breakpoint\":\"m\",\"content\":\"\n\n<div class=\\\"uk-panel uk-margin\\\">\\n\n\n<p><span>Tento dokument obsahuje informace a pokyny, kter\\u00e9 pedagogov\\u00e9 pot\\u0159ebuj\\u00ed k pou\\u017e\\u00edv\\u00e1n\\u00ed n\\u00e1stroj\\u016f MILEAGE a k poskytov\\u00e1n\\u00ed v\\u00fdukov\\u00e9ho programu MILEAGE c\\u00edlov\\u00e9 skupin\\u011b. Pedagogov\\u00e9 mus\\u00ed v\\u011bd\\u011bt, co je pro seniory relevantn\\u00ed a jak navrhovan\\u00e9 n\\u00e1stroje pou\\u017e\\u00edvat. Pot\\u0159ebuj\\u00ed tak\\u00e9 jasnou p\\u0159edstavu o probl\\u00e9mech, kter\\u00fdm dnes senio\\u0159i \\u010del\\u00ed, a n\\u00e1vod, jak je podpo\\u0159it p\\u0159i p\\u0159ekon\\u00e1v\\u00e1n\\u00ed p\\u0159ek\\u00e1\\u017eek i rizik. P\\u0159\\u00edru\\u010dka nab\\u00edz\\u00ed n\\u00e1vrhy, jak zajistit, aby mlad\\u0161\\u00ed senio\\u0159i byli motivov\\u00e1ni k podpo\\u0159e star\\u0161\\u00edch senior\\u016f a aby vzd\\u011blavatel\\u00e9 v\\u011bd\\u011bli, jak podpo\\u0159it dobr\\u00e9 mo\\u017enosti vz\\u00e1jemn\\u00e9ho u\\u010den\\u00ed a socializace. Pedagogov\\u00e9 a senior\\u0161t\\u00ed vrstevn\\u00edci mohou z p\\u0159\\u00edru\\u010dky \\u010derpat inspiraci pro \\u00fapravu sv\\u00e9ho komunika\\u010dn\\u00edho stylu a pedagogiky.<\\\/span><\\\/p>\\n<\\\/div>\\n\n\n<p><span>\\u00a0<\\\/span><\\\/p>\",\"margin\":\"default\"}},{\"type\":\"button\",\"props\":{\"grid_column_gap\":\"small\",\"grid_row_gap\":\"small\",\"margin\":\"default\"},\"children\":[{\"type\":\"button_item\",\"props\":{\"button_style\":\"primary\",\"content\":\"St\\u00e1hn\\u011bte si p\\u0159\\u00edru\\u010dku \",\"icon_align\":\"left\",\"link\":\"wp-content\\\/uploads\\\/2024\\\/02\\\/CZ-Handbook-for-Educators.pdf\",\"link_target\":\"blank\"}}]}]}]}]}],\"version\":\"3.0.10\"} --><\/p>\n","protected":false},"excerpt":{"rendered":"<p>Tento dokument obsahuje informace a pokyny, kter\u00e9 pedagogov\u00e9 pot\u0159ebuj\u00ed k pou\u017e\u00edv\u00e1n\u00ed n\u00e1stroj\u016f MILEAGE a k poskytov\u00e1n\u00ed v\u00fdukov\u00e9ho programu MILEAGE c\u00edlov\u00e9 skupin\u011b. Pedagogov\u00e9 mus\u00ed v\u011bd\u011bt, co..<\/p>\n","protected":false},"author":1,"featured_media":0,"parent":0,"menu_order":0,"comment_status":"closed","ping_status":"closed","template":"","meta":{"_acf_changed":false,"footnotes":""},"class_list":["post-433","page","type-page","status-publish","hentry"],"acf":[],"_links":{"self":[{"href":"https:\/\/www.elearning.mileageproject.eu\/cs\/wp-json\/wp\/v2\/pages\/433","targetHints":{"allow":["GET"]}}],"collection":[{"href":"https:\/\/www.elearning.mileageproject.eu\/cs\/wp-json\/wp\/v2\/pages"}],"about":[{"href":"https:\/\/www.elearning.mileageproject.eu\/cs\/wp-json\/wp\/v2\/types\/page"}],"author":[{"embeddable":true,"href":"https:\/\/www.elearning.mileageproject.eu\/cs\/wp-json\/wp\/v2\/users\/1"}],"replies":[{"embeddable":true,"href":"https:\/\/www.elearning.mileageproject.eu\/cs\/wp-json\/wp\/v2\/comments?post=433"}],"version-history":[{"count":3,"href":"https:\/\/www.elearning.mileageproject.eu\/cs\/wp-json\/wp\/v2\/pages\/433\/revisions"}],"predecessor-version":[{"id":893,"href":"https:\/\/www.elearning.mileageproject.eu\/cs\/wp-json\/wp\/v2\/pages\/433\/revisions\/893"}],"wp:attachment":[{"href":"https:\/\/www.elearning.mileageproject.eu\/cs\/wp-json\/wp\/v2\/media?parent=433"}],"curies":[{"name":"wp","href":"https:\/\/api.w.org\/{rel}","templated":true}]}}