{"id":437,"date":"2022-11-14T10:30:01","date_gmt":"2022-11-14T10:30:01","guid":{"rendered":"https:\/\/elearning.mileageproject.eu\/registration\/"},"modified":"2022-11-14T10:30:01","modified_gmt":"2022-11-14T10:30:01","slug":"registration","status":"publish","type":"page","link":"https:\/\/www.elearning.mileageproject.eu\/cs\/registration\/","title":{"rendered":"Registration"},"content":{"rendered":"<div class=\"learndash-wrap\">\n\t<div class=\"learndash-wrapper\">\n\n\t<div id=\"learndash-registration-wrapper\" >\n\n\t\n\t<p class=\"registration-login\">Already have an account? <a class=\"registration-login-link\" href=\"\">Log In<\/a><\/p><div class=\"registration-login-form\" style=\"display: none;\"><form name=\"loginform\" id=\"loginform\" action=\"https:\/\/www.elearning.mileageproject.eu\/cs\/wp-login.php\" method=\"post\"><input id=\"learndash-login-form\" type=\"hidden\" name=\"learndash-login-form\" value=\"f60438a4aa\" \/><p class=\"login-username\">\n\t\t\t\t<label for=\"user_login\">U\u017eivatelsk\u00e9 jm\u00e9no nebo E-mailov\u00e1 adresa\n<\/label>\n\t\t\t\t<input type=\"text\" name=\"log\" id=\"user_login\" autocomplete=\"username\" class=\"input\" value=\"\" size=\"20\" \/>\n\t\t\t<\/p><p class=\"login-password\">\n\t\t\t\t<label for=\"user_pass\">Heslo<\/label>\n\t\t\t\t<input type=\"password\" name=\"pwd\" id=\"user_pass\" autocomplete=\"current-password\" spellcheck=\"false\" class=\"input\" value=\"\" size=\"20\" \/>\n\t\t\t<\/p><p class=\"login-remember\"><label><input name=\"rememberme\" type=\"checkbox\" id=\"rememberme\" value=\"forever\" \/> Pamatovat si m\u011b<\/label><\/p><p class=\"login-submit\">\n\t\t\t\t<input type=\"submit\" name=\"wp-submit\" id=\"wp-submit\" class=\"button button-primary\" value=\"P\u0159ihl\u00e1sit se\" \/>\n\t\t\t\t<input type=\"hidden\" name=\"redirect_to\" value=\"https:\/\/www.elearning.mileageproject.eu\/registration\/\" \/>\n\t\t\t<\/p><\/form><\/div><p class=\"show-password-reset-link\" style=\"display: none;\">Forgot password? <a href=\"https:\/\/www.elearning.mileageproject.eu\/reset-password\/\">Click here to reset it.<\/a><\/p><p class=\"show-register-form\" style=\"display: none;\"><a href=\"\">Show registration form<\/a><\/p>\t\t\t\t<form name=\"learndash_registerform\" id=\"learndash_registerform\" class=\"ldregister\" action=\"https:\/\/www.elearning.mileageproject.eu\/cs\/wp-login.php?action=register\" method=\"post\">\n\t\t\t\t<p class=\"learndash-registration-field learndash-registration-field-username learndash-required\"><label for=\"username\">Username <span class=\"learndash-required-field\">*<\/span><\/label>\n\t\t\t\t\t\t<input aria-required=&quot;true&quot; type=\"text\" id=\"username\" name=\"user_login\" value=\"\" \/><\/p><p class=\"learndash-registration-field learndash-registration-field-email learndash-required\"><label for=\"email\">Email <span class=\"learndash-required-field\">*<\/span><\/label>\n\t\t\t\t\t\t<input aria-required=&quot;true&quot; type=\"text\" id=\"email\" name=\"user_email\" value=\"\" \/><\/p><p class=\"learndash-registration-field learndash-registration-field-first_name learndash-required\"><label for=\"first_name\">First Name <span class=\"learndash-required-field\">*<\/span><\/label>\n\t\t\t\t\t\t<input aria-required=&quot;true&quot; type=\"text\" id=\"first_name\" name=\"first_name\" value=\"\" \/><\/p><p class=\"learndash-registration-field learndash-registration-field-last_name learndash-required\"><label for=\"last_name\">Last Name <span class=\"learndash-required-field\">*<\/span><\/label>\n\t\t\t\t\t\t<input aria-required=&quot;true&quot; type=\"text\" id=\"last_name\" name=\"last_name\" value=\"\" \/><\/p><p class=\"learndash-registration-field learndash-registration-field-password learndash-required\"><label for=\"password\">Password <span class=\"learndash-required-field\">*<\/span><\/label>\n\t\t\t\t\t\t<input aria-required=&quot;true&quot; type=\"password\" id=\"password\" name=\"password\" value=\"\" \/><\/p><p class=\"learndash-registration-field learndash-registration-field-confirmpassword learndash-required\"><label for=\"confirm_password\">Confirm Password <span class=\"learndash-required-field\">*<\/span><\/label><input aria-required=&quot;true&quot; type=\"password\" id=\"confirm_password\" name=\"confirm_password\" \/><\/p>\t<div id=\"acf-form-data\" class=\"acf-hidden\">\n\t\t<input type=\"hidden\" id=\"_acf_screen\" name=\"_acf_screen\" value=\"user\"\/><input type=\"hidden\" id=\"_acf_post_id\" name=\"_acf_post_id\" value=\"user_0\"\/><input type=\"hidden\" id=\"_acf_validation\" name=\"_acf_validation\" value=\"0\"\/><input type=\"hidden\" id=\"_acf_nonce\" name=\"_acf_nonce\" value=\"2882aab783\"\/><input type=\"hidden\" id=\"_acf_changed\" name=\"_acf_changed\" value=\"0\"\/>\t<\/div>\n\t<h2>User Fields<\/h2><div class=\"acf-user-register-fields acf-fields -clear\"><div class=\"acf-field acf-field-country acf-field-63722e70c035f is-required\" data-name=\"user_country\" data-type=\"country\" data-key=\"field_63722e70c035f\" data-required=\"1\">\n<div class=\"acf-label\">\n<label for=\"acf-field_63722e70c035f\">Country <span class=\"acf-required\">*<\/span><\/label><\/div>\n<div class=\"acf-input\">\n<input type=\"hidden\" id=\"acf-field_63722e70c035f-input\" name=\"acf[field_63722e70c035f]\"\/><select id=\"acf-field_63722e70c035f\" class=\"\" name=\"acf[field_63722e70c035f]\" data-ui=\"1\" data-ajax=\"0\" data-multiple=\"0\" data-placeholder=\"Select a country\" data-allow_null=\"0\"><option value=\"AF\">Afgh\u00e1nist\u00e1n<\/option><option value=\"AX\">\u00c5landy<\/option><option value=\"AL\">Alb\u00e1nie<\/option><option value=\"DZ\">Al\u017e\u00edrsko<\/option><option value=\"AS\">Americk\u00e1 Samoa<\/option><option value=\"VI\">Americk\u00e9 Panensk\u00e9 ostrovy<\/option><option value=\"AD\">Andorra<\/option><option value=\"AO\">Angola<\/option><option value=\"AI\">Anguilla<\/option><option value=\"AQ\">Antarktida<\/option><option value=\"AG\">Antigua a Barbuda<\/option><option value=\"AR\">Argentina<\/option><option value=\"AM\">Arm\u00e9nie<\/option><option value=\"AW\">Aruba<\/option><option value=\"AC\">Ascension<\/option><option value=\"AU\">Austr\u00e1lie<\/option><option value=\"AZ\">\u00c1zerb\u00e1jd\u017e\u00e1n<\/option><option value=\"BS\">Bahamy<\/option><option value=\"BH\">Bahrajn<\/option><option value=\"BD\">Banglad\u00e9\u0161<\/option><option value=\"BB\">Barbados<\/option><option value=\"BE\">Belgie<\/option><option value=\"BZ\">Belize<\/option><option value=\"BY\">B\u011blorusko<\/option><option value=\"BJ\">Benin<\/option><option value=\"BM\">Bermudy<\/option><option value=\"BT\">Bh\u00fat\u00e1n<\/option><option value=\"BO\">Bol\u00edvie<\/option><option value=\"BA\">Bosna a Hercegovina<\/option><option value=\"BW\">Botswana<\/option><option value=\"BR\">Braz\u00edlie<\/option><option value=\"IO\">Britsk\u00e9 indickooce\u00e1nsk\u00e9 \u00fazem\u00ed<\/option><option value=\"VG\">Britsk\u00e9 Panensk\u00e9 ostrovy<\/option><option value=\"BN\">Brunej<\/option><option value=\"BG\">Bulharsko<\/option><option value=\"BF\">Burkina Faso<\/option><option value=\"BI\">Burundi<\/option><option value=\"EA\">Ceuta a Melilla<\/option><option value=\"CK\">Cookovy ostrovy<\/option><option value=\"CW\">Cura\u00e7ao<\/option><option value=\"TD\">\u010cad<\/option><option value=\"ME\">\u010cern\u00e1 Hora<\/option><option value=\"CZ\">\u010cesko<\/option><option value=\"CN\">\u010c\u00edna<\/option><option value=\"DK\">D\u00e1nsko<\/option><option value=\"DG\">Diego Garc\u00eda<\/option><option value=\"DM\">Dominika<\/option><option value=\"DO\">Dominik\u00e1nsk\u00e1 republika<\/option><option value=\"DJ\">D\u017eibutsko<\/option><option value=\"EG\">Egypt<\/option><option value=\"EC\">Ekv\u00e1dor<\/option><option value=\"ER\">Eritrea<\/option><option value=\"EE\">Estonsko<\/option><option value=\"ET\">Etiopie<\/option><option value=\"FO\">Faersk\u00e9 ostrovy<\/option><option value=\"FK\">Falklandsk\u00e9 ostrovy<\/option><option value=\"FJ\">Fid\u017ei<\/option><option value=\"PH\">Filip\u00edny<\/option><option value=\"FI\">Finsko<\/option><option value=\"FR\">Francie<\/option><option value=\"GF\">Francouzsk\u00e1 Guyana<\/option><option value=\"TF\">Francouzsk\u00e1 ji\u017en\u00ed \u00fazem\u00ed<\/option><option value=\"PF\">Francouzsk\u00e1 Polyn\u00e9sie<\/option><option value=\"GA\">Gabon<\/option><option value=\"GM\">Gambie<\/option><option value=\"GH\">Ghana<\/option><option value=\"GI\">Gibraltar<\/option><option value=\"GD\">Grenada<\/option><option value=\"GL\">Gr\u00f3nsko<\/option><option value=\"GE\">Gruzie<\/option><option value=\"GP\">Guadeloupe<\/option><option value=\"GU\">Guam<\/option><option value=\"GT\">Guatemala<\/option><option value=\"GG\">Guernsey<\/option><option value=\"GN\">Guinea<\/option><option value=\"GW\">Guinea-Bissau<\/option><option value=\"GY\">Guyana<\/option><option value=\"HT\">Haiti<\/option><option value=\"HN\">Honduras<\/option><option value=\"HK\">Hongkong \u2013 ZAO \u010c\u00edny<\/option><option value=\"CL\">Chile<\/option><option value=\"HR\">Chorvatsko<\/option><option value=\"IN\">Indie<\/option><option value=\"ID\">Indon\u00e9sie<\/option><option value=\"IQ\">Ir\u00e1k<\/option><option value=\"IR\">\u00cdr\u00e1n<\/option><option value=\"IE\">Irsko<\/option><option value=\"IS\">Island<\/option><option value=\"IT\">It\u00e1lie<\/option><option value=\"IL\">Izrael<\/option><option value=\"JM\">Jamajka<\/option><option value=\"JP\">Japonsko<\/option><option value=\"YE\">Jemen<\/option><option value=\"JE\">Jersey<\/option><option value=\"ZA\">Jihoafrick\u00e1 republika<\/option><option value=\"GS\">Ji\u017en\u00ed Georgie a Ji\u017en\u00ed Sandwichovy ostrovy<\/option><option value=\"KR\">Ji\u017en\u00ed Korea<\/option><option value=\"SS\">Ji\u017en\u00ed S\u00fad\u00e1n<\/option><option value=\"JO\">Jord\u00e1nsko<\/option><option value=\"KY\">Kajmansk\u00e9 ostrovy<\/option><option value=\"KH\">Kambod\u017ea<\/option><option value=\"CM\">Kamerun<\/option><option value=\"CA\">Kanada<\/option><option value=\"IC\">Kan\u00e1rsk\u00e9 ostrovy<\/option><option value=\"CV\">Kapverdy<\/option><option value=\"BQ\">Karibsk\u00e9 Nizozemsko<\/option><option value=\"QA\">Katar<\/option><option value=\"KZ\">Kazachst\u00e1n<\/option><option value=\"KE\">Ke\u0148a<\/option><option value=\"KI\">Kiribati<\/option><option value=\"CC\">Kokosov\u00e9 ostrovy<\/option><option value=\"CO\">Kolumbie<\/option><option value=\"KM\">Komory<\/option><option value=\"CG\">Kongo \u2013 Brazzaville<\/option><option value=\"CD\">Kongo \u2013 Kinshasa<\/option><option value=\"XK\">Kosovo<\/option><option value=\"CR\">Kostarika<\/option><option value=\"CU\">Kuba<\/option><option value=\"KW\">Kuvajt<\/option><option value=\"CY\">Kypr<\/option><option value=\"KG\">Kyrgyzst\u00e1n<\/option><option value=\"LA\">Laos<\/option><option value=\"LS\">Lesotho<\/option><option value=\"LB\">Libanon<\/option><option value=\"LR\">Lib\u00e9rie<\/option><option value=\"LY\">Libye<\/option><option value=\"LI\">Lichten\u0161tejnsko<\/option><option value=\"LT\">Litva<\/option><option value=\"LV\">Loty\u0161sko<\/option><option value=\"LU\">Lucembursko<\/option><option value=\"MO\">Macao \u2013 ZAO \u010c\u00edny<\/option><option value=\"MG\">Madagaskar<\/option><option value=\"HU\">Ma\u010farsko<\/option><option value=\"MY\">Malajsie<\/option><option value=\"MW\">Malawi<\/option><option value=\"MV\">Maledivy<\/option><option value=\"ML\">Mali<\/option><option value=\"MT\">Malta<\/option><option value=\"MA\">Maroko<\/option><option value=\"MH\">Marshallovy ostrovy<\/option><option value=\"MQ\">Martinik<\/option><option value=\"MU\">Mauricius<\/option><option value=\"MR\">Maurit\u00e1nie<\/option><option value=\"YT\">Mayotte<\/option><option value=\"UM\">Men\u0161\u00ed odlehl\u00e9 ostrovy USA<\/option><option value=\"MX\">Mexiko<\/option><option value=\"FM\">Mikron\u00e9sie<\/option><option value=\"MD\">Moldavsko<\/option><option value=\"MC\">Monako<\/option><option value=\"MN\">Mongolsko<\/option><option value=\"MS\">Montserrat<\/option><option value=\"MZ\">Mosambik<\/option><option value=\"MM\">Myanmar (Barma)<\/option><option value=\"NA\">Namibie<\/option><option value=\"NR\">Nauru<\/option><option value=\"DE\">N\u011bmecko<\/option><option value=\"NP\">Nep\u00e1l<\/option><option value=\"NE\">Niger<\/option><option value=\"NG\">Nig\u00e9rie<\/option><option value=\"NI\">Nikaragua<\/option><option value=\"NU\">Niue<\/option><option value=\"NL\">Nizozemsko<\/option><option value=\"NF\">Norfolk<\/option><option value=\"NO\">Norsko<\/option><option value=\"NC\">Nov\u00e1 Kaledonie<\/option><option value=\"NZ\">Nov\u00fd Z\u00e9land<\/option><option value=\"OM\">Om\u00e1n<\/option><option value=\"IM\">Ostrov Man<\/option><option value=\"PK\">P\u00e1kist\u00e1n<\/option><option value=\"PW\">Palau<\/option><option value=\"PS\">Palestinsk\u00e1 \u00fazem\u00ed<\/option><option value=\"PA\">Panama<\/option><option value=\"PG\">Papua-Nov\u00e1 Guinea<\/option><option value=\"PY\">Paraguay<\/option><option value=\"PE\">Peru<\/option><option value=\"PN\">Pitcairnovy ostrovy<\/option><option value=\"CI\">Pob\u0159e\u017e\u00ed slonoviny<\/option><option value=\"PL\">Polsko<\/option><option value=\"PR\">Portoriko<\/option><option value=\"PT\">Portugalsko<\/option><option value=\"AT\">Rakousko<\/option><option value=\"RE\">R\u00e9union<\/option><option value=\"GQ\">Rovn\u00edkov\u00e1 Guinea<\/option><option value=\"RO\">Rumunsko<\/option><option value=\"RU\">Rusko<\/option><option value=\"RW\">Rwanda<\/option><option value=\"GR\">\u0158ecko<\/option><option value=\"PM\">Saint-Pierre a Miquelon<\/option><option value=\"SV\">Salvador<\/option><option value=\"WS\">Samoa<\/option><option value=\"SM\">San Marino<\/option><option value=\"SA\">Sa\u00fadsk\u00e1 Ar\u00e1bie<\/option><option value=\"SN\">Senegal<\/option><option value=\"KP\">Severn\u00ed Korea<\/option><option value=\"MK\">Severn\u00ed Makedonie<\/option><option value=\"MP\">Severn\u00ed Mariany<\/option><option value=\"SC\">Seychely<\/option><option value=\"SL\">Sierra Leone<\/option><option value=\"XA\">simulovan\u00e1 diakritika<\/option><option value=\"XB\">simulovan\u00fd obousm\u011brn\u00fd z\u00e1pis<\/option><option value=\"SG\">Singapur<\/option><option value=\"SK\">Slovensko<\/option><option value=\"SI\">Slovinsko<\/option><option value=\"SO\">Som\u00e1lsko<\/option><option value=\"AE\">Spojen\u00e9 arabsk\u00e9 emir\u00e1ty<\/option><option value=\"GB\">Spojen\u00e9 kr\u00e1lovstv\u00ed<\/option><option value=\"US\">Spojen\u00e9 st\u00e1ty<\/option><option value=\"RS\">Srbsko<\/option><option value=\"LK\">Sr\u00ed Lanka<\/option><option value=\"CF\">St\u0159edoafrick\u00e1 republika<\/option><option value=\"SD\">S\u00fad\u00e1n<\/option><option value=\"SR\">Surinam<\/option><option value=\"SH\">Svat\u00e1 Helena<\/option><option value=\"LC\">Svat\u00e1 Lucie<\/option><option value=\"BL\">Svat\u00fd Bartolom\u011bj<\/option><option value=\"KN\">Svat\u00fd Kry\u0161tof a Nevis<\/option><option value=\"MF\">Svat\u00fd Martin (Francie)<\/option><option value=\"SX\">Svat\u00fd Martin (Nizozemsko)<\/option><option value=\"ST\">Svat\u00fd Tom\u00e1\u0161 a Princ\u016fv ostrov<\/option><option value=\"VC\">Svat\u00fd Vincenc a Grenadiny<\/option><option value=\"SZ\">Svazijsko<\/option><option value=\"SY\">S\u00fdrie<\/option><option value=\"SB\">\u0160alamounovy ostrovy<\/option><option value=\"ES\">\u0160pan\u011blsko<\/option><option value=\"SJ\">\u0160picberky a Jan Mayen<\/option><option value=\"SE\">\u0160v\u00e9dsko<\/option><option value=\"CH\">\u0160v\u00fdcarsko<\/option><option value=\"TJ\">T\u00e1d\u017eikist\u00e1n<\/option><option value=\"TZ\">Tanzanie<\/option><option value=\"TH\">Thajsko<\/option><option value=\"TW\">Tchaj-wan<\/option><option value=\"TG\">Togo<\/option><option value=\"TK\">Tokelau<\/option><option value=\"TO\">Tonga<\/option><option value=\"TT\">Trinidad a Tobago<\/option><option value=\"TA\">Tristan da Cunha<\/option><option value=\"TN\">Tunisko<\/option><option value=\"TR\">Turecko<\/option><option value=\"TM\">Turkmenist\u00e1n<\/option><option value=\"TC\">Turks a Caicos<\/option><option value=\"TV\">Tuvalu<\/option><option value=\"UG\">Uganda<\/option><option value=\"UA\">Ukrajina<\/option><option value=\"UY\">Uruguay<\/option><option value=\"UZ\">Uzbekist\u00e1n<\/option><option value=\"CX\">V\u00e1no\u010dn\u00ed ostrov<\/option><option value=\"VU\">Vanuatu<\/option><option value=\"VA\">Vatik\u00e1n<\/option><option value=\"VE\">Venezuela<\/option><option value=\"VN\">Vietnam<\/option><option value=\"TL\">V\u00fdchodn\u00ed Timor<\/option><option value=\"WF\">Wallis a Futuna<\/option><option value=\"ZM\">Zambie<\/option><option value=\"EH\">Z\u00e1padn\u00ed Sahara<\/option><option value=\"ZW\">Zimbabwe<\/option><\/select><\/div>\n<\/div>\n<\/div>\t\t\t\t<input name=\"ld_register_id\" value=\"0\" type=\"hidden\" \/>\n\t\t\t\t<input type=\"hidden\" name=\"learndash-registration-form\" value=\"763964311a\" \/>\n\t\t\t\t<input type=\"hidden\" name=\"redirect_to\" value=\"https:\/\/www.elearning.mileageproject.eu\/cs\/registration\/?ld-registered=true&#038;ld_register_id=0\" \/>\n\t\t\t\t<p><input type=\"submit\" name=\"wp-submit\" id=\"wp-submit\" class=\"button button-primary button-large\" value=\"Register\" \/><\/p>\n\t\t\t<\/form>\n\t\t\t\t<\/div><\/div><\/div>","protected":false},"excerpt":{"rendered":"","protected":false},"author":1,"featured_media":0,"parent":0,"menu_order":0,"comment_status":"closed","ping_status":"closed","template":"","meta":{"_acf_changed":false,"footnotes":""},"class_list":["post-437","page","type-page","status-publish","hentry"],"acf":[],"_links":{"self":[{"href":"https:\/\/www.elearning.mileageproject.eu\/cs\/wp-json\/wp\/v2\/pages\/437","targetHints":{"allow":["GET"]}}],"collection":[{"href":"https:\/\/www.elearning.mileageproject.eu\/cs\/wp-json\/wp\/v2\/pages"}],"about":[{"href":"https:\/\/www.elearning.mileageproject.eu\/cs\/wp-json\/wp\/v2\/types\/page"}],"author":[{"embeddable":true,"href":"https:\/\/www.elearning.mileageproject.eu\/cs\/wp-json\/wp\/v2\/users\/1"}],"replies":[{"embeddable":true,"href":"https:\/\/www.elearning.mileageproject.eu\/cs\/wp-json\/wp\/v2\/comments?post=437"}],"version-history":[{"count":0,"href":"https:\/\/www.elearning.mileageproject.eu\/cs\/wp-json\/wp\/v2\/pages\/437\/revisions"}],"wp:attachment":[{"href":"https:\/\/www.elearning.mileageproject.eu\/cs\/wp-json\/wp\/v2\/media?parent=437"}],"curies":[{"name":"wp","href":"https:\/\/api.w.org\/{rel}","templated":true}]}}