{"id":441,"date":"2022-11-14T10:30:01","date_gmt":"2022-11-14T10:30:01","guid":{"rendered":"https:\/\/elearning.mileageproject.eu\/reset-password\/"},"modified":"2022-11-14T10:30:01","modified_gmt":"2022-11-14T10:30:01","slug":"reset-password","status":"publish","type":"page","link":"https:\/\/www.elearning.mileageproject.eu\/cs\/reset-password\/","title":{"rendered":"Reset Password"},"content":{"rendered":"<div class=\"learndash-wrap\">\t<div class=\"learndash-wrapper\">\n\t\t<div id=\"learndash-reset-password-wrapper\" >\n\t\t\t<form action=\"\" method=\"POST\">\n\t\t\t<p>\n\t\t\t\t<label for=\"reset_password\">U\u017eivatelsk\u00e9 jm\u00e9no nebo E-mailov\u00e1 adresa<\/label>\n\t\t\t\t<input type=\"text\" name=\"user_login\" id=\"user_login\" autocapitalize=\"off\" autocomplete=\"off\" \/>\n\t\t\t\t<input type=\"hidden\" id=\"learndash-reset-password-form-nonce\" name=\"learndash-reset-password-form-nonce\" value=\"8e71f9b22b\" \/><input type=\"hidden\" name=\"_wp_http_referer\" value=\"\/cs\/wp-json\/wp\/v2\/pages\/441\" \/>\t\t\t<\/p>\n\t\t\t<input type=\"submit\" value=\"Reset Password\"\/>\n\t\t<\/form>\n\t\t\t<\/div>\n\t<\/div>\n\t<\/div>","protected":false},"excerpt":{"rendered":"","protected":false},"author":1,"featured_media":0,"parent":0,"menu_order":0,"comment_status":"closed","ping_status":"closed","template":"","meta":{"_acf_changed":false,"footnotes":""},"class_list":["post-441","page","type-page","status-publish","hentry"],"acf":[],"_links":{"self":[{"href":"https:\/\/www.elearning.mileageproject.eu\/cs\/wp-json\/wp\/v2\/pages\/441","targetHints":{"allow":["GET"]}}],"collection":[{"href":"https:\/\/www.elearning.mileageproject.eu\/cs\/wp-json\/wp\/v2\/pages"}],"about":[{"href":"https:\/\/www.elearning.mileageproject.eu\/cs\/wp-json\/wp\/v2\/types\/page"}],"author":[{"embeddable":true,"href":"https:\/\/www.elearning.mileageproject.eu\/cs\/wp-json\/wp\/v2\/users\/1"}],"replies":[{"embeddable":true,"href":"https:\/\/www.elearning.mileageproject.eu\/cs\/wp-json\/wp\/v2\/comments?post=441"}],"version-history":[{"count":0,"href":"https:\/\/www.elearning.mileageproject.eu\/cs\/wp-json\/wp\/v2\/pages\/441\/revisions"}],"wp:attachment":[{"href":"https:\/\/www.elearning.mileageproject.eu\/cs\/wp-json\/wp\/v2\/media?parent=441"}],"curies":[{"name":"wp","href":"https:\/\/api.w.org\/{rel}","templated":true}]}}