{"id":317,"date":"2022-11-14T10:30:01","date_gmt":"2022-11-14T10:30:01","guid":{"rendered":"https:\/\/elearning.mileageproject.eu\/registration\/"},"modified":"2022-11-14T10:30:01","modified_gmt":"2022-11-14T10:30:01","slug":"registration","status":"publish","type":"page","link":"https:\/\/www.elearning.mileageproject.eu\/fr\/registration\/","title":{"rendered":"Registration"},"content":{"rendered":"<div class=\"learndash-wrap\">\n\t<div class=\"learndash-wrapper\">\n\n\t<div id=\"learndash-registration-wrapper\" >\n\n\t\n\t<p class=\"registration-login\">Already have an account? <a class=\"registration-login-link\" href=\"\">Log In<\/a><\/p><div class=\"registration-login-form\" style=\"display: none;\"><form name=\"loginform\" id=\"loginform\" action=\"https:\/\/www.elearning.mileageproject.eu\/fr\/wp-login.php\" method=\"post\"><input id=\"learndash-login-form\" type=\"hidden\" name=\"learndash-login-form\" value=\"f60438a4aa\" \/><p class=\"login-username\">\n\t\t\t\t<label for=\"user_login\">Nom d&#039;utilisateur ou adrese e-mail<\/label>\n\t\t\t\t<input type=\"text\" name=\"log\" id=\"user_login\" autocomplete=\"username\" class=\"input\" value=\"\" size=\"20\" \/>\n\t\t\t<\/p><p class=\"login-password\">\n\t\t\t\t<label for=\"user_pass\">Mot de passe<\/label>\n\t\t\t\t<input type=\"password\" name=\"pwd\" id=\"user_pass\" autocomplete=\"current-password\" spellcheck=\"false\" class=\"input\" value=\"\" size=\"20\" \/>\n\t\t\t<\/p><p class=\"login-remember\"><label><input name=\"rememberme\" type=\"checkbox\" id=\"rememberme\" value=\"forever\" \/> Se souvenir de moi<\/label><\/p><p class=\"login-submit\">\n\t\t\t\t<input type=\"submit\" name=\"wp-submit\" id=\"wp-submit\" class=\"button button-primary\" value=\"Se connecter\" \/>\n\t\t\t\t<input type=\"hidden\" name=\"redirect_to\" value=\"https:\/\/www.elearning.mileageproject.eu\/registration\/\" \/>\n\t\t\t<\/p><\/form><\/div><p class=\"show-password-reset-link\" style=\"display: none;\">Forgot password? <a href=\"https:\/\/www.elearning.mileageproject.eu\/reset-password\/\">Click here to reset it.<\/a><\/p><p class=\"show-register-form\" style=\"display: none;\"><a href=\"\">Show registration form<\/a><\/p>\t\t\t\t<form name=\"learndash_registerform\" id=\"learndash_registerform\" class=\"ldregister\" action=\"https:\/\/www.elearning.mileageproject.eu\/fr\/wp-login.php?action=register\" method=\"post\">\n\t\t\t\t<p class=\"learndash-registration-field learndash-registration-field-username learndash-required\"><label for=\"username\">Username <span class=\"learndash-required-field\">*<\/span><\/label>\n\t\t\t\t\t\t<input aria-required=&quot;true&quot; type=\"text\" id=\"username\" name=\"user_login\" value=\"\" \/><\/p><p class=\"learndash-registration-field learndash-registration-field-email learndash-required\"><label for=\"email\">Email <span class=\"learndash-required-field\">*<\/span><\/label>\n\t\t\t\t\t\t<input aria-required=&quot;true&quot; type=\"text\" id=\"email\" name=\"user_email\" value=\"\" \/><\/p><p class=\"learndash-registration-field learndash-registration-field-first_name learndash-required\"><label for=\"first_name\">First Name <span class=\"learndash-required-field\">*<\/span><\/label>\n\t\t\t\t\t\t<input aria-required=&quot;true&quot; type=\"text\" id=\"first_name\" name=\"first_name\" value=\"\" \/><\/p><p class=\"learndash-registration-field learndash-registration-field-last_name learndash-required\"><label for=\"last_name\">Last Name <span class=\"learndash-required-field\">*<\/span><\/label>\n\t\t\t\t\t\t<input aria-required=&quot;true&quot; type=\"text\" id=\"last_name\" name=\"last_name\" value=\"\" \/><\/p><p class=\"learndash-registration-field learndash-registration-field-password learndash-required\"><label for=\"password\">Password <span class=\"learndash-required-field\">*<\/span><\/label>\n\t\t\t\t\t\t<input aria-required=&quot;true&quot; type=\"password\" id=\"password\" name=\"password\" value=\"\" \/><\/p><p class=\"learndash-registration-field learndash-registration-field-confirmpassword learndash-required\"><label for=\"confirm_password\">Confirm Password <span class=\"learndash-required-field\">*<\/span><\/label><input aria-required=&quot;true&quot; type=\"password\" id=\"confirm_password\" name=\"confirm_password\" \/><\/p>\t<div id=\"acf-form-data\" class=\"acf-hidden\">\n\t\t<input type=\"hidden\" id=\"_acf_screen\" name=\"_acf_screen\" value=\"user\"\/><input type=\"hidden\" id=\"_acf_post_id\" name=\"_acf_post_id\" value=\"user_0\"\/><input type=\"hidden\" id=\"_acf_validation\" name=\"_acf_validation\" value=\"0\"\/><input type=\"hidden\" id=\"_acf_nonce\" name=\"_acf_nonce\" value=\"2882aab783\"\/><input type=\"hidden\" id=\"_acf_changed\" name=\"_acf_changed\" value=\"0\"\/>\t<\/div>\n\t<h2>User Fields<\/h2><div class=\"acf-user-register-fields acf-fields -clear\"><div class=\"acf-field acf-field-country acf-field-63722e70c035f is-required\" data-name=\"user_country\" data-type=\"country\" data-key=\"field_63722e70c035f\" data-required=\"1\">\n<div class=\"acf-label\">\n<label for=\"acf-field_63722e70c035f\">Country <span class=\"acf-required\">*<\/span><\/label><\/div>\n<div class=\"acf-input\">\n<input type=\"hidden\" id=\"acf-field_63722e70c035f-input\" name=\"acf[field_63722e70c035f]\"\/><select id=\"acf-field_63722e70c035f\" class=\"\" name=\"acf[field_63722e70c035f]\" data-ui=\"1\" data-ajax=\"0\" data-multiple=\"0\" data-placeholder=\"Select a country\" data-allow_null=\"0\"><option value=\"AF\">Afghanistan<\/option><option value=\"ZA\">Afrique du Sud<\/option><option value=\"AL\">Albanie<\/option><option value=\"DZ\">Alg\u00e9rie<\/option><option value=\"DE\">Allemagne<\/option><option value=\"AD\">Andorre<\/option><option value=\"AO\">Angola<\/option><option value=\"AI\">Anguilla<\/option><option value=\"AQ\">Antarctique<\/option><option value=\"AG\">Antigua-et-Barbuda<\/option><option value=\"SA\">Arabie saoudite<\/option><option value=\"AR\">Argentine<\/option><option value=\"AM\">Arm\u00e9nie<\/option><option value=\"AW\">Aruba<\/option><option value=\"AU\">Australie<\/option><option value=\"AT\">Autriche<\/option><option value=\"AZ\">Azerba\u00efdjan<\/option><option value=\"BS\">Bahamas<\/option><option value=\"BH\">Bahre\u00efn<\/option><option value=\"BD\">Bangladesh<\/option><option value=\"BB\">Barbade<\/option><option value=\"BE\">Belgique<\/option><option value=\"BZ\">Belize<\/option><option value=\"BJ\">B\u00e9nin<\/option><option value=\"BM\">Bermudes<\/option><option value=\"BT\">Bhoutan<\/option><option value=\"BY\">Bi\u00e9lorussie<\/option><option value=\"BO\">Bolivie<\/option><option value=\"BA\">Bosnie-Herz\u00e9govine<\/option><option value=\"BW\">Botswana<\/option><option value=\"BR\">Br\u00e9sil<\/option><option value=\"BN\">Brun\u00e9i Darussalam<\/option><option value=\"BG\">Bulgarie<\/option><option value=\"BF\">Burkina Faso<\/option><option value=\"BI\">Burundi<\/option><option value=\"KH\">Cambodge<\/option><option value=\"CM\">Cameroun<\/option><option value=\"CA\">Canada<\/option><option value=\"CV\">Cap-Vert<\/option><option value=\"EA\">Ceuta et Melilla<\/option><option value=\"CL\">Chili<\/option><option value=\"CN\">Chine<\/option><option value=\"CY\">Chypre<\/option><option value=\"CO\">Colombie<\/option><option value=\"KM\">Comores<\/option><option value=\"CG\">Congo-Brazzaville<\/option><option value=\"CD\">Congo-Kinshasa<\/option><option value=\"KP\">Cor\u00e9e du Nord<\/option><option value=\"KR\">Cor\u00e9e du Sud<\/option><option value=\"CR\">Costa Rica<\/option><option value=\"CI\">C\u00f4te d\u2019Ivoire<\/option><option value=\"HR\">Croatie<\/option><option value=\"CU\">Cuba<\/option><option value=\"CW\">Cura\u00e7ao<\/option><option value=\"DK\">Danemark<\/option><option value=\"DG\">Diego Garcia<\/option><option value=\"DJ\">Djibouti<\/option><option value=\"DM\">Dominique<\/option><option value=\"EG\">\u00c9gypte<\/option><option value=\"AE\">\u00c9mirats arabes unis<\/option><option value=\"EC\">\u00c9quateur<\/option><option value=\"ER\">\u00c9rythr\u00e9e<\/option><option value=\"ES\">Espagne<\/option><option value=\"EE\">Estonie<\/option><option value=\"SZ\">Eswatini<\/option><option value=\"VA\">\u00c9tat de la Cit\u00e9 du Vatican<\/option><option value=\"FM\">\u00c9tats f\u00e9d\u00e9r\u00e9s de Micron\u00e9sie<\/option><option value=\"US\">\u00c9tats-Unis<\/option><option value=\"ET\">\u00c9thiopie<\/option><option value=\"FJ\">Fidji<\/option><option value=\"FI\">Finlande<\/option><option value=\"FR\">France<\/option><option value=\"GA\">Gabon<\/option><option value=\"GM\">Gambie<\/option><option value=\"GE\">G\u00e9orgie<\/option><option value=\"GS\">G\u00e9orgie du Sud et \u00eeles Sandwich du Sud<\/option><option value=\"GH\">Ghana<\/option><option value=\"GI\">Gibraltar<\/option><option value=\"GR\">Gr\u00e8ce<\/option><option value=\"GD\">Grenade<\/option><option value=\"GL\">Groenland<\/option><option value=\"GP\">Guadeloupe<\/option><option value=\"GU\">Guam<\/option><option value=\"GT\">Guatemala<\/option><option value=\"GG\">Guernesey<\/option><option value=\"GN\">Guin\u00e9e<\/option><option value=\"GQ\">Guin\u00e9e \u00e9quatoriale<\/option><option value=\"GW\">Guin\u00e9e-Bissau<\/option><option value=\"GY\">Guyana<\/option><option value=\"GF\">Guyane fran\u00e7aise<\/option><option value=\"HT\">Ha\u00efti<\/option><option value=\"HN\">Honduras<\/option><option value=\"HU\">Hongrie<\/option><option value=\"CX\">\u00cele Christmas<\/option><option value=\"AC\">\u00cele de l\u2019Ascension<\/option><option value=\"IM\">\u00cele de Man<\/option><option value=\"NF\">\u00cele Norfolk<\/option><option value=\"AX\">\u00celes \u00c5land<\/option><option value=\"KY\">\u00celes Ca\u00efmans<\/option><option value=\"IC\">\u00celes Canaries<\/option><option value=\"CC\">\u00celes Cocos<\/option><option value=\"CK\">\u00celes Cook<\/option><option value=\"FO\">\u00celes F\u00e9ro\u00e9<\/option><option value=\"FK\">\u00celes Malouines<\/option><option value=\"MP\">\u00celes Mariannes du Nord<\/option><option value=\"MH\">\u00celes Marshall<\/option><option value=\"UM\">\u00celes mineures \u00e9loign\u00e9es des \u00c9tats-Unis<\/option><option value=\"PN\">\u00celes Pitcairn<\/option><option value=\"SB\">\u00celes Salomon<\/option><option value=\"TC\">\u00celes Turques-et-Ca\u00efques<\/option><option value=\"VG\">\u00celes Vierges britanniques<\/option><option value=\"VI\">\u00celes Vierges des \u00c9tats-Unis<\/option><option value=\"IN\">Inde<\/option><option value=\"ID\">Indon\u00e9sie<\/option><option value=\"IQ\">Irak<\/option><option value=\"IR\">Iran<\/option><option value=\"IE\">Irlande<\/option><option value=\"IS\">Islande<\/option><option value=\"IL\">Isra\u00ebl<\/option><option value=\"IT\">Italie<\/option><option value=\"JM\">Jama\u00efque<\/option><option value=\"JP\">Japon<\/option><option value=\"JE\">Jersey<\/option><option value=\"JO\">Jordanie<\/option><option value=\"KZ\">Kazakhstan<\/option><option value=\"KE\">Kenya<\/option><option value=\"KG\">Kirghizistan<\/option><option value=\"KI\">Kiribati<\/option><option value=\"XK\">Kosovo<\/option><option value=\"KW\">Kowe\u00eft<\/option><option value=\"RE\">La R\u00e9union<\/option><option value=\"LA\">Laos<\/option><option value=\"LS\">Lesotho<\/option><option value=\"LV\">Lettonie<\/option><option value=\"LB\">Liban<\/option><option value=\"LR\">Lib\u00e9ria<\/option><option value=\"LY\">Libye<\/option><option value=\"LI\">Liechtenstein<\/option><option value=\"LT\">Lituanie<\/option><option value=\"LU\">Luxembourg<\/option><option value=\"MK\">Mac\u00e9doine<\/option><option value=\"MG\">Madagascar<\/option><option value=\"MY\">Malaisie<\/option><option value=\"MW\">Malawi<\/option><option value=\"MV\">Maldives<\/option><option value=\"ML\">Mali<\/option><option value=\"MT\">Malte<\/option><option value=\"MA\">Maroc<\/option><option value=\"MQ\">Martinique<\/option><option value=\"MU\">Maurice<\/option><option value=\"MR\">Mauritanie<\/option><option value=\"YT\">Mayotte<\/option><option value=\"MX\">Mexique<\/option><option value=\"MD\">Moldavie<\/option><option value=\"MC\">Monaco<\/option><option value=\"MN\">Mongolie<\/option><option value=\"ME\">Mont\u00e9n\u00e9gro<\/option><option value=\"MS\">Montserrat<\/option><option value=\"MZ\">Mozambique<\/option><option value=\"MM\">Myanmar (Birmanie)<\/option><option value=\"NA\">Namibie<\/option><option value=\"NR\">Nauru<\/option><option value=\"NP\">N\u00e9pal<\/option><option value=\"NI\">Nicaragua<\/option><option value=\"NE\">Niger<\/option><option value=\"NG\">Nig\u00e9ria<\/option><option value=\"NU\">Niue<\/option><option value=\"NO\">Norv\u00e8ge<\/option><option value=\"NC\">Nouvelle-Cal\u00e9donie<\/option><option value=\"NZ\">Nouvelle-Z\u00e9lande<\/option><option value=\"OM\">Oman<\/option><option value=\"UG\">Ouganda<\/option><option value=\"UZ\">Ouzb\u00e9kistan<\/option><option value=\"PK\">Pakistan<\/option><option value=\"PW\">Palaos<\/option><option value=\"PA\">Panama<\/option><option value=\"PG\">Papouasie-Nouvelle-Guin\u00e9e<\/option><option value=\"PY\">Paraguay<\/option><option value=\"NL\">Pays-Bas<\/option><option value=\"BQ\">Pays-Bas carib\u00e9ens<\/option><option value=\"PE\">P\u00e9rou<\/option><option value=\"PH\">Philippines<\/option><option value=\"PL\">Pologne<\/option><option value=\"PF\">Polyn\u00e9sie fran\u00e7aise<\/option><option value=\"PR\">Porto Rico<\/option><option value=\"PT\">Portugal<\/option><option value=\"XA\">pseudo-accents<\/option><option value=\"XB\">pseudo-bidi<\/option><option value=\"QA\">Qatar<\/option><option value=\"HK\">R.A.S. chinoise de Hong Kong<\/option><option value=\"MO\">R.A.S. chinoise de Macao<\/option><option value=\"CF\">R\u00e9publique centrafricaine<\/option><option value=\"DO\">R\u00e9publique dominicaine<\/option><option value=\"RO\">Roumanie<\/option><option value=\"GB\">Royaume-Uni<\/option><option value=\"RU\">Russie<\/option><option value=\"RW\">Rwanda<\/option><option value=\"EH\">Sahara occidental<\/option><option value=\"BL\">Saint-Barth\u00e9lemy<\/option><option value=\"KN\">Saint-Christophe-et-Ni\u00e9v\u00e8s<\/option><option value=\"SM\">Saint-Marin<\/option><option value=\"MF\">Saint-Martin<\/option><option value=\"SX\">Saint-Martin (partie n\u00e9erlandaise)<\/option><option value=\"PM\">Saint-Pierre-et-Miquelon<\/option><option value=\"VC\">Saint-Vincent-et-les-Grenadines<\/option><option value=\"SH\">Sainte-H\u00e9l\u00e8ne<\/option><option value=\"LC\">Sainte-Lucie<\/option><option value=\"SV\">Salvador<\/option><option value=\"WS\">Samoa<\/option><option value=\"AS\">Samoa am\u00e9ricaines<\/option><option value=\"ST\">Sao Tom\u00e9-et-Principe<\/option><option value=\"SN\">S\u00e9n\u00e9gal<\/option><option value=\"RS\">Serbie<\/option><option value=\"SC\">Seychelles<\/option><option value=\"SL\">Sierra Leone<\/option><option value=\"SG\">Singapour<\/option><option value=\"SK\">Slovaquie<\/option><option value=\"SI\">Slov\u00e9nie<\/option><option value=\"SO\">Somalie<\/option><option value=\"SD\">Soudan<\/option><option value=\"SS\">Soudan du Sud<\/option><option value=\"LK\">Sri Lanka<\/option><option value=\"SE\">Su\u00e8de<\/option><option value=\"CH\">Suisse<\/option><option value=\"SR\">Suriname<\/option><option value=\"SJ\">Svalbard et Jan Mayen<\/option><option value=\"SY\">Syrie<\/option><option value=\"TJ\">Tadjikistan<\/option><option value=\"TW\">Ta\u00efwan<\/option><option value=\"TZ\">Tanzanie<\/option><option value=\"TD\">Tchad<\/option><option value=\"CZ\">Tch\u00e9quie<\/option><option value=\"TF\">Terres australes fran\u00e7aises<\/option><option value=\"IO\">Territoire britannique de l\u2019oc\u00e9an Indien<\/option><option value=\"PS\">Territoires palestiniens<\/option><option value=\"TH\">Tha\u00eflande<\/option><option value=\"TL\">Timor oriental<\/option><option value=\"TG\">Togo<\/option><option value=\"TK\">Tokelau<\/option><option value=\"TO\">Tonga<\/option><option value=\"TT\">Trinit\u00e9-et-Tobago<\/option><option value=\"TA\">Tristan da Cunha<\/option><option value=\"TN\">Tunisie<\/option><option value=\"TM\">Turkm\u00e9nistan<\/option><option value=\"TR\">Turquie<\/option><option value=\"TV\">Tuvalu<\/option><option value=\"UA\">Ukraine<\/option><option value=\"UY\">Uruguay<\/option><option value=\"VU\">Vanuatu<\/option><option value=\"VE\">Venezuela<\/option><option value=\"VN\">Vietnam<\/option><option value=\"WF\">Wallis-et-Futuna<\/option><option value=\"YE\">Y\u00e9men<\/option><option value=\"ZM\">Zambie<\/option><option value=\"ZW\">Zimbabwe<\/option><\/select><\/div>\n<\/div>\n<\/div>\t\t\t\t<input name=\"ld_register_id\" value=\"0\" type=\"hidden\" \/>\n\t\t\t\t<input type=\"hidden\" name=\"learndash-registration-form\" value=\"763964311a\" \/>\n\t\t\t\t<input type=\"hidden\" name=\"redirect_to\" value=\"https:\/\/www.elearning.mileageproject.eu\/fr\/registration\/?ld-registered=true&#038;ld_register_id=0\" \/>\n\t\t\t\t<p><input type=\"submit\" name=\"wp-submit\" id=\"wp-submit\" class=\"button button-primary button-large\" value=\"Inscription\" \/><\/p>\n\t\t\t<\/form>\n\t\t\t\t<\/div><\/div><\/div>","protected":false},"excerpt":{"rendered":"","protected":false},"author":1,"featured_media":0,"parent":0,"menu_order":0,"comment_status":"closed","ping_status":"closed","template":"","meta":{"_acf_changed":false,"footnotes":""},"class_list":["post-317","page","type-page","status-publish","hentry"],"acf":[],"_links":{"self":[{"href":"https:\/\/www.elearning.mileageproject.eu\/fr\/wp-json\/wp\/v2\/pages\/317","targetHints":{"allow":["GET"]}}],"collection":[{"href":"https:\/\/www.elearning.mileageproject.eu\/fr\/wp-json\/wp\/v2\/pages"}],"about":[{"href":"https:\/\/www.elearning.mileageproject.eu\/fr\/wp-json\/wp\/v2\/types\/page"}],"author":[{"embeddable":true,"href":"https:\/\/www.elearning.mileageproject.eu\/fr\/wp-json\/wp\/v2\/users\/1"}],"replies":[{"embeddable":true,"href":"https:\/\/www.elearning.mileageproject.eu\/fr\/wp-json\/wp\/v2\/comments?post=317"}],"version-history":[{"count":0,"href":"https:\/\/www.elearning.mileageproject.eu\/fr\/wp-json\/wp\/v2\/pages\/317\/revisions"}],"wp:attachment":[{"href":"https:\/\/www.elearning.mileageproject.eu\/fr\/wp-json\/wp\/v2\/media?parent=317"}],"curies":[{"name":"wp","href":"https:\/\/api.w.org\/{rel}","templated":true}]}}