{"id":435,"date":"2023-07-11T14:53:19","date_gmt":"2023-07-11T14:53:19","guid":{"rendered":"https:\/\/elearning.mileageproject.eu\/mileage-handbook-for-educators\/"},"modified":"2024-02-13T11:01:13","modified_gmt":"2024-02-13T11:01:13","slug":"mileage-handbook-for-educators","status":"publish","type":"page","link":"https:\/\/www.elearning.mileageproject.eu\/it\/mileage-handbook-for-educators\/","title":{"rendered":"Manuale MILEAGE per gli educatori"},"content":{"rendered":"<div>\n<div class=\"uk-panel uk-margin\">\n<p><span>Questo documento contiene le informazioni e le istruzioni necessarie agli educatori per utilizzare gli strumenti MILEAGE e fornire il programma di apprendimento MILEAGE al gruppo target. Gli educatori devono sapere cosa \u00e8 rilevante per i senior e come utilizzare gli strumenti proposti. Devono anche avere una visione chiara delle sfide che i senior devono affrontare oggi e una guida per aiutarli a superare sia le barriere che i rischi. Il manuale offre suggerimenti per assicurarsi che i senior pi\u00f9 giovani siano motivati a sostenere i senior pi\u00f9 anziani e che gli educatori siano consapevoli di come promuovere buone opportunit\u00e0 di apprendimento tra pari e possibilit\u00e0 di socializzazione. Gli educatori e i senior possono utilizzare il manuale per trarre ispirazione per adattare il loro stile di comunicazione e la loro pedagogia.<\/span><\/p>\n<\/div>\n<\/div>\n<p>\n    <a href=\"\/wp-content\/uploads\/2024\/02\/IT-Handbook-for-Educators.pdf\">Scarica il Manuale<\/a>\n<\/p>\n<p><!--more--><br \/>\n<!-- {\"type\":\"layout\",\"children\":[{\"type\":\"section\",\"props\":{\"height\":\"expand\",\"image_position\":\"center-center\",\"style\":\"default\",\"title_breakpoint\":\"xl\",\"title_position\":\"top-left\",\"title_rotation\":\"left\",\"vertical_align\":\"middle\",\"width\":\"default\"},\"children\":[{\"type\":\"row\",\"children\":[{\"type\":\"column\",\"props\":{\"image_position\":\"center-center\",\"media_overlay_gradient\":\"\",\"position_sticky_breakpoint\":\"m\"},\"children\":[{\"type\":\"headline\",\"props\":{\"title_color\":\"success\",\"title_element\":\"h1\"},\"source\":{\"query\":{\"name\":\"pages.singlePage\"},\"props\":{\"content\":{\"filters\":{\"search\":\"\"},\"name\":\"title\"}}}},{\"type\":\"text\",\"props\":{\"column_breakpoint\":\"m\",\"content\":\"\n\n<div class=\\\"uk-panel uk-margin\\\">\\n\n\n<p><span>Questo documento contiene le informazioni e le istruzioni necessarie agli educatori per utilizzare gli strumenti MILEAGE e fornire il programma di apprendimento MILEAGE al gruppo target. Gli educatori devono sapere cosa \\u00e8 rilevante per i senior e come utilizzare gli strumenti proposti. Devono anche avere una visione chiara delle sfide che i senior devono affrontare oggi e una guida per aiutarli a superare sia le barriere che i rischi. Il manuale offre suggerimenti per assicurarsi che i senior pi\\u00f9 giovani siano motivati a sostenere i senior pi\\u00f9 anziani e che gli educatori siano consapevoli di come promuovere buone opportunit\\u00e0 di apprendimento tra pari e possibilit\\u00e0 di socializzazione. Gli educatori e i senior possono utilizzare il manuale per trarre ispirazione per adattare il loro stile di comunicazione e la loro pedagogia.<\\\/span><\\\/p>\\n<\\\/div>\",\"margin\":\"default\"}},{\"type\":\"button\",\"props\":{\"grid_column_gap\":\"small\",\"grid_row_gap\":\"small\",\"margin\":\"default\"},\"children\":[{\"type\":\"button_item\",\"props\":{\"button_style\":\"primary\",\"content\":\"Scarica il Manuale\",\"icon_align\":\"left\",\"link\":\"wp-content\\\/uploads\\\/2024\\\/02\\\/IT-Handbook-for-Educators.pdf\",\"link_target\":\"blank\"}}]}]}]}]}],\"version\":\"3.0.10\"} --><\/p>\n","protected":false},"excerpt":{"rendered":"<p>Questo documento contiene le informazioni e le istruzioni necessarie agli educatori per utilizzare gli strumenti MILEAGE e fornire il programma di apprendimento MILEAGE al gruppo..<\/p>\n","protected":false},"author":1,"featured_media":0,"parent":0,"menu_order":0,"comment_status":"closed","ping_status":"closed","template":"","meta":{"_acf_changed":false,"footnotes":""},"class_list":["post-435","page","type-page","status-publish","hentry"],"acf":[],"_links":{"self":[{"href":"https:\/\/www.elearning.mileageproject.eu\/it\/wp-json\/wp\/v2\/pages\/435","targetHints":{"allow":["GET"]}}],"collection":[{"href":"https:\/\/www.elearning.mileageproject.eu\/it\/wp-json\/wp\/v2\/pages"}],"about":[{"href":"https:\/\/www.elearning.mileageproject.eu\/it\/wp-json\/wp\/v2\/types\/page"}],"author":[{"embeddable":true,"href":"https:\/\/www.elearning.mileageproject.eu\/it\/wp-json\/wp\/v2\/users\/1"}],"replies":[{"embeddable":true,"href":"https:\/\/www.elearning.mileageproject.eu\/it\/wp-json\/wp\/v2\/comments?post=435"}],"version-history":[{"count":2,"href":"https:\/\/www.elearning.mileageproject.eu\/it\/wp-json\/wp\/v2\/pages\/435\/revisions"}],"predecessor-version":[{"id":915,"href":"https:\/\/www.elearning.mileageproject.eu\/it\/wp-json\/wp\/v2\/pages\/435\/revisions\/915"}],"wp:attachment":[{"href":"https:\/\/www.elearning.mileageproject.eu\/it\/wp-json\/wp\/v2\/media?parent=435"}],"curies":[{"name":"wp","href":"https:\/\/api.w.org\/{rel}","templated":true}]}}