{"id":432,"date":"2022-11-14T12:06:33","date_gmt":"2022-11-14T12:06:33","guid":{"rendered":"https:\/\/elearning.mileageproject.eu\/home\/"},"modified":"2023-11-13T16:46:06","modified_gmt":"2023-11-13T16:46:06","slug":"home","status":"publish","type":"page","link":"https:\/\/www.elearning.mileageproject.eu\/pl\/","title":{"rendered":"Home"},"content":{"rendered":"<h1>Umiej\u0119tno\u015b\u0107 korzystania z medi\u00f3w i informacji oraz rozwijanie kompetencji cyfrowych dla aktywnego starzenia si\u0119 <\/h1>\n<ul>\n<li>\n<\/li>\n<li>\n<p>        <img decoding=\"async\" src=\"\/wp-content\/uploads\/2022\/11\/courses-09.png\" alt=\"MILEAGE Handbook  for Educators\"><\/p>\n<h4>Podr\u0119cznik MILEAGE dla nauczycieli<\/h4>\n<p><a href=\"\/mileage-handbook-for-educators\/\"><\/a><\/p>\n<\/li>\n<\/ul>\n<p><!--more--><br \/>\n<!-- {\"type\":\"layout\",\"children\":[{\"type\":\"section\",\"props\":{\"css\":\".el-section{\\n\\tbackground-color: rgba(130 201 200 \\\/.20);\\n}\",\"height\":\"section\",\"image_position\":\"center-center\",\"padding\":\"large\",\"style\":\"default\",\"title_breakpoint\":\"xl\",\"title_position\":\"top-left\",\"title_rotation\":\"left\",\"vertical_align\":\"\",\"width\":\"default\"},\"children\":[{\"type\":\"row\",\"children\":[{\"type\":\"column\",\"props\":{\"image_position\":\"center-center\",\"media_overlay_gradient\":\"\",\"position_sticky_breakpoint\":\"m\"},\"children\":[{\"type\":\"headline\",\"props\":{\"block_align\":\"center\",\"content\":\"Umiej\\u0119tno\\u015b\\u0107 korzystania z medi\\u00f3w i informacji oraz rozwijanie kompetencji cyfrowych dla aktywnego starzenia si\\u0119 \",\"css\":\".el-element{\\n\\tfont-weight: 700;\\n}\",\"maxwidth\":\"2xlarge\",\"text_align\":\"center\",\"title_color\":\"success\",\"title_element\":\"h1\",\"title_style\":\"h1\"}},{\"type\":\"grid\",\"props\":{\"animation\":\"slide-bottom-medium\",\"class\":\"visible_to_logged_in\",\"content_column_breakpoint\":\"m\",\"filter_align\":\"left\",\"filter_all\":true,\"filter_grid_breakpoint\":\"m\",\"filter_grid_width\":\"auto\",\"filter_position\":\"top\",\"filter_style\":\"tab\",\"grid_default\":\"1\",\"grid_medium\":\"3\",\"grid_small\":\"3\",\"icon_width\":80,\"image_align\":\"top\",\"image_grid_breakpoint\":\"m\",\"image_grid_width\":\"1-2\",\"image_svg_color\":\"emphasis\",\"item_animation\":true,\"link_style\":\"default\",\"link_text\":\"\",\"margin\":\"large\",\"margin_remove_bottom\":true,\"meta_align\":\"below-title\",\"meta_element\":\"div\",\"meta_style\":\"text-meta\",\"panel_link\":true,\"show_content\":true,\"show_image\":true,\"show_link\":true,\"show_meta\":true,\"show_title\":true,\"text_align\":\"center\",\"title_align\":\"top\",\"title_color\":\"secondary\",\"title_element\":\"h4\",\"title_grid_breakpoint\":\"m\",\"title_grid_width\":\"1-2\",\"title_hover_style\":\"reset\"},\"children\":[{\"type\":\"grid_item\",\"source\":{\"query\":{\"name\":\"sfwdCoursess.customSfwdCoursess\",\"arguments\":{\"terms\":[],\"ld_course_category_operator\":\"IN\",\"ld_course_tag_operator\":\"IN\",\"users\":[],\"users_operator\":\"IN\",\"offset\":0,\"limit\":10,\"order\":\"date\",\"order_direction\":\"ASC\"}},\"props\":{\"title\":{\"filters\":{\"search\":\"\"},\"name\":\"title\"},\"image\":{\"filters\":{\"search\":\"\"},\"name\":\"featuredImage.url\"},\"image_alt\":{\"filters\":{\"search\":\"\"},\"name\":\"title\"},\"link\":{\"filters\":{\"search\":\"\"},\"name\":\"link\"}}}},{\"type\":\"grid_item\",\"props\":{\"image\":\"wp-content\\\/uploads\\\/2022\\\/11\\\/courses-09.png\",\"image_alt\":\"MILEAGE Handbook  for Educators\",\"link\":\"mileage-handbook-for-educators\\\/\",\"title\":\"Podr\\u0119cznik MILEAGE dla nauczycieli\"}}]}]}]}]}],\"version\":\"3.0.10\"} --><\/p>\n","protected":false},"excerpt":{"rendered":"<p>Umiej\u0119tno\u015b\u0107 korzystania z medi\u00f3w i informacji oraz rozwijanie kompetencji cyfrowych dla aktywnego starzenia si\u0119 Podr\u0119cznik MILEAGE dla nauczycieli<\/p>\n","protected":false},"author":1,"featured_media":0,"parent":0,"menu_order":0,"comment_status":"closed","ping_status":"closed","template":"","meta":{"_acf_changed":false,"footnotes":""},"class_list":["post-432","page","type-page","status-publish","hentry"],"acf":[],"_links":{"self":[{"href":"https:\/\/www.elearning.mileageproject.eu\/pl\/wp-json\/wp\/v2\/pages\/432","targetHints":{"allow":["GET"]}}],"collection":[{"href":"https:\/\/www.elearning.mileageproject.eu\/pl\/wp-json\/wp\/v2\/pages"}],"about":[{"href":"https:\/\/www.elearning.mileageproject.eu\/pl\/wp-json\/wp\/v2\/types\/page"}],"author":[{"embeddable":true,"href":"https:\/\/www.elearning.mileageproject.eu\/pl\/wp-json\/wp\/v2\/users\/1"}],"replies":[{"embeddable":true,"href":"https:\/\/www.elearning.mileageproject.eu\/pl\/wp-json\/wp\/v2\/comments?post=432"}],"version-history":[{"count":2,"href":"https:\/\/www.elearning.mileageproject.eu\/pl\/wp-json\/wp\/v2\/pages\/432\/revisions"}],"predecessor-version":[{"id":866,"href":"https:\/\/www.elearning.mileageproject.eu\/pl\/wp-json\/wp\/v2\/pages\/432\/revisions\/866"}],"wp:attachment":[{"href":"https:\/\/www.elearning.mileageproject.eu\/pl\/wp-json\/wp\/v2\/media?parent=432"}],"curies":[{"name":"wp","href":"https:\/\/api.w.org\/{rel}","templated":true}]}}