{"id":436,"date":"2023-07-11T14:53:19","date_gmt":"2023-07-11T14:53:19","guid":{"rendered":"https:\/\/elearning.mileageproject.eu\/mileage-handbook-for-educators\/"},"modified":"2024-02-13T11:04:05","modified_gmt":"2024-02-13T11:04:05","slug":"mileage-handbook-for-educators","status":"publish","type":"page","link":"https:\/\/www.elearning.mileageproject.eu\/pl\/mileage-handbook-for-educators\/","title":{"rendered":"Podr\u0119cznik"},"content":{"rendered":"<div>\n<div class=\"uk-panel uk-margin\">\n<p><span>Niniejszy dokument zawiera informacje i instrukcje, kt\u00f3rych edukatorzy potrzebuj\u0105, aby korzysta\u0107 z narz\u0119dzi MILEAGE i zapewni\u0107 program nauczania MILEAGE grupie docelowej. Edukatorzy musz\u0105 wiedzie\u0107, co jest istotne dla senior\u00f3w i jak korzysta\u0107 z proponowanych narz\u0119dzi. Potrzebuj\u0105 r\u00f3wnie\u017c jasnej wizji wyzwa\u0144, przed kt\u00f3rymi stoj\u0105 dzi\u015b seniorzy, oraz wskaz\u00f3wek dotycz\u0105cych wspierania ich w pokonywaniu zar\u00f3wno barier, jak i zagro\u017ce\u0144. Podr\u0119cznik zawiera sugestie, aby upewni\u0107 si\u0119, \u017ce m\u0142odsi seniorzy s\u0105 zmotywowani do wspierania starszych senior\u00f3w i \u017ce edukatorzy s\u0105 \u015bwiadomi tego, jak wspiera\u0107 dobre mo\u017cliwo\u015bci uczenia si\u0119 od r\u00f3wie\u015bnik\u00f3w i mo\u017cliwo\u015bci socjalizacji. Nauczyciele i seniorzy mog\u0105 skorzysta\u0107 z podr\u0119cznika, aby uzyska\u0107 inspiracj\u0119 do dostosowania swojego stylu komunikacji i pedagogiki.<\/span><\/p>\n<\/div>\n<\/div>\n<p>\n    <a href=\"\/wp-content\/uploads\/2024\/02\/PL-%E2%80%93-Handbook-for-Educators.pdf\">Pobierz podr\u0119cznik <\/a>\n<\/p>\n<p><!--more--><br \/>\n<!-- {\"type\":\"layout\",\"children\":[{\"type\":\"section\",\"props\":{\"height\":\"expand\",\"image_position\":\"center-center\",\"style\":\"default\",\"title_breakpoint\":\"xl\",\"title_position\":\"top-left\",\"title_rotation\":\"left\",\"vertical_align\":\"middle\",\"width\":\"default\"},\"children\":[{\"type\":\"row\",\"children\":[{\"type\":\"column\",\"props\":{\"image_position\":\"center-center\",\"media_overlay_gradient\":\"\",\"position_sticky_breakpoint\":\"m\"},\"children\":[{\"type\":\"headline\",\"props\":{\"title_color\":\"success\",\"title_element\":\"h1\"},\"source\":{\"query\":{\"name\":\"pages.singlePage\"},\"props\":{\"content\":{\"filters\":{\"search\":\"\"},\"name\":\"title\"}}}},{\"type\":\"text\",\"props\":{\"column_breakpoint\":\"m\",\"content\":\"\n\n<div class=\\\"uk-panel uk-margin\\\">\\n\n\n<p><span>Niniejszy dokument zawiera informacje i instrukcje, kt\\u00f3rych edukatorzy potrzebuj\\u0105, aby korzysta\\u0107 z narz\\u0119dzi MILEAGE i zapewni\\u0107 program nauczania MILEAGE grupie docelowej. Edukatorzy musz\\u0105 wiedzie\\u0107, co jest istotne dla senior\\u00f3w i jak korzysta\\u0107 z proponowanych narz\\u0119dzi. Potrzebuj\\u0105 r\\u00f3wnie\\u017c jasnej wizji wyzwa\\u0144, przed kt\\u00f3rymi stoj\\u0105 dzi\\u015b seniorzy, oraz wskaz\\u00f3wek dotycz\\u0105cych wspierania ich w pokonywaniu zar\\u00f3wno barier, jak i zagro\\u017ce\\u0144. Podr\\u0119cznik zawiera sugestie, aby upewni\\u0107 si\\u0119, \\u017ce m\\u0142odsi seniorzy s\\u0105 zmotywowani do wspierania starszych senior\\u00f3w i \\u017ce edukatorzy s\\u0105 \\u015bwiadomi tego, jak wspiera\\u0107 dobre mo\\u017cliwo\\u015bci uczenia si\\u0119 od r\\u00f3wie\\u015bnik\\u00f3w i mo\\u017cliwo\\u015bci socjalizacji. Nauczyciele i seniorzy mog\\u0105 skorzysta\\u0107 z podr\\u0119cznika, aby uzyska\\u0107 inspiracj\\u0119 do dostosowania swojego stylu komunikacji i pedagogiki.<\\\/span><\\\/p>\\n<\\\/div>\",\"margin\":\"default\"}},{\"type\":\"button\",\"props\":{\"grid_column_gap\":\"small\",\"grid_row_gap\":\"small\",\"margin\":\"default\"},\"children\":[{\"type\":\"button_item\",\"props\":{\"button_style\":\"primary\",\"content\":\"Pobierz podr\\u0119cznik \",\"icon_align\":\"left\",\"link\":\"wp-content\\\/uploads\\\/2024\\\/02\\\/PL-\\u2013-Handbook-for-Educators.pdf\",\"link_target\":\"blank\"}}]}]}]}]}],\"version\":\"3.0.10\"} --><\/p>\n","protected":false},"excerpt":{"rendered":"<p>Niniejszy dokument zawiera informacje i instrukcje, kt\u00f3rych edukatorzy potrzebuj\u0105, aby korzysta\u0107 z narz\u0119dzi MILEAGE i zapewni\u0107 program nauczania MILEAGE grupie docelowej. Edukatorzy musz\u0105 wiedzie\u0107, co..<\/p>\n","protected":false},"author":1,"featured_media":0,"parent":0,"menu_order":0,"comment_status":"closed","ping_status":"closed","template":"","meta":{"_acf_changed":false,"footnotes":""},"class_list":["post-436","page","type-page","status-publish","hentry"],"acf":[],"_links":{"self":[{"href":"https:\/\/www.elearning.mileageproject.eu\/pl\/wp-json\/wp\/v2\/pages\/436","targetHints":{"allow":["GET"]}}],"collection":[{"href":"https:\/\/www.elearning.mileageproject.eu\/pl\/wp-json\/wp\/v2\/pages"}],"about":[{"href":"https:\/\/www.elearning.mileageproject.eu\/pl\/wp-json\/wp\/v2\/types\/page"}],"author":[{"embeddable":true,"href":"https:\/\/www.elearning.mileageproject.eu\/pl\/wp-json\/wp\/v2\/users\/1"}],"replies":[{"embeddable":true,"href":"https:\/\/www.elearning.mileageproject.eu\/pl\/wp-json\/wp\/v2\/comments?post=436"}],"version-history":[{"count":2,"href":"https:\/\/www.elearning.mileageproject.eu\/pl\/wp-json\/wp\/v2\/pages\/436\/revisions"}],"predecessor-version":[{"id":923,"href":"https:\/\/www.elearning.mileageproject.eu\/pl\/wp-json\/wp\/v2\/pages\/436\/revisions\/923"}],"wp:attachment":[{"href":"https:\/\/www.elearning.mileageproject.eu\/pl\/wp-json\/wp\/v2\/media?parent=436"}],"curies":[{"name":"wp","href":"https:\/\/api.w.org\/{rel}","templated":true}]}}