{"id":440,"date":"2022-11-14T10:30:01","date_gmt":"2022-11-14T10:30:01","guid":{"rendered":"https:\/\/elearning.mileageproject.eu\/registration\/"},"modified":"2022-11-14T10:30:01","modified_gmt":"2022-11-14T10:30:01","slug":"registration","status":"publish","type":"page","link":"https:\/\/www.elearning.mileageproject.eu\/pl\/registration\/","title":{"rendered":"Registration"},"content":{"rendered":"<div class=\"learndash-wrap\">\n\t<div class=\"learndash-wrapper\">\n\n\t<div id=\"learndash-registration-wrapper\" >\n\n\t\n\t<p class=\"registration-login\">Already have an account? <a class=\"registration-login-link\" href=\"\">Log In<\/a><\/p><div class=\"registration-login-form\" style=\"display: none;\"><form name=\"loginform\" id=\"loginform\" action=\"https:\/\/www.elearning.mileageproject.eu\/pl\/wp-login.php\" method=\"post\"><input id=\"learndash-login-form\" type=\"hidden\" name=\"learndash-login-form\" value=\"f60438a4aa\" \/><p class=\"login-username\">\n\t\t\t\t<label for=\"user_login\">Nazwa u\u017cytkownika lub adres e-mail<\/label>\n\t\t\t\t<input type=\"text\" name=\"log\" id=\"user_login\" autocomplete=\"username\" class=\"input\" value=\"\" size=\"20\" \/>\n\t\t\t<\/p><p class=\"login-password\">\n\t\t\t\t<label for=\"user_pass\">Has\u0142o<\/label>\n\t\t\t\t<input type=\"password\" name=\"pwd\" id=\"user_pass\" autocomplete=\"current-password\" spellcheck=\"false\" class=\"input\" value=\"\" size=\"20\" \/>\n\t\t\t<\/p><p class=\"login-remember\"><label><input name=\"rememberme\" type=\"checkbox\" id=\"rememberme\" value=\"forever\" \/> Zapami\u0119taj mnie<\/label><\/p><p class=\"login-submit\">\n\t\t\t\t<input type=\"submit\" name=\"wp-submit\" id=\"wp-submit\" class=\"button button-primary\" value=\"Zaloguj si\u0119\" \/>\n\t\t\t\t<input type=\"hidden\" name=\"redirect_to\" value=\"https:\/\/www.elearning.mileageproject.eu\/registration\/\" \/>\n\t\t\t<\/p><\/form><\/div><p class=\"show-password-reset-link\" style=\"display: none;\">Forgot password? <a href=\"https:\/\/www.elearning.mileageproject.eu\/reset-password\/\">Click here to reset it.<\/a><\/p><p class=\"show-register-form\" style=\"display: none;\"><a href=\"\">Show registration form<\/a><\/p>\t\t\t\t<form name=\"learndash_registerform\" id=\"learndash_registerform\" class=\"ldregister\" action=\"https:\/\/www.elearning.mileageproject.eu\/pl\/wp-login.php?action=register\" method=\"post\">\n\t\t\t\t<p class=\"learndash-registration-field learndash-registration-field-username learndash-required\"><label for=\"username\">Username <span class=\"learndash-required-field\">*<\/span><\/label>\n\t\t\t\t\t\t<input aria-required=&quot;true&quot; type=\"text\" id=\"username\" name=\"user_login\" value=\"\" \/><\/p><p class=\"learndash-registration-field learndash-registration-field-email learndash-required\"><label for=\"email\">Email <span class=\"learndash-required-field\">*<\/span><\/label>\n\t\t\t\t\t\t<input aria-required=&quot;true&quot; type=\"text\" id=\"email\" name=\"user_email\" value=\"\" \/><\/p><p class=\"learndash-registration-field learndash-registration-field-first_name learndash-required\"><label for=\"first_name\">First Name <span class=\"learndash-required-field\">*<\/span><\/label>\n\t\t\t\t\t\t<input aria-required=&quot;true&quot; type=\"text\" id=\"first_name\" name=\"first_name\" value=\"\" \/><\/p><p class=\"learndash-registration-field learndash-registration-field-last_name learndash-required\"><label for=\"last_name\">Last Name <span class=\"learndash-required-field\">*<\/span><\/label>\n\t\t\t\t\t\t<input aria-required=&quot;true&quot; type=\"text\" id=\"last_name\" name=\"last_name\" value=\"\" \/><\/p><p class=\"learndash-registration-field learndash-registration-field-password learndash-required\"><label for=\"password\">Password <span class=\"learndash-required-field\">*<\/span><\/label>\n\t\t\t\t\t\t<input aria-required=&quot;true&quot; type=\"password\" id=\"password\" name=\"password\" value=\"\" \/><\/p><p class=\"learndash-registration-field learndash-registration-field-confirmpassword learndash-required\"><label for=\"confirm_password\">Confirm Password <span class=\"learndash-required-field\">*<\/span><\/label><input aria-required=&quot;true&quot; type=\"password\" id=\"confirm_password\" name=\"confirm_password\" \/><\/p>\t<div id=\"acf-form-data\" class=\"acf-hidden\">\n\t\t<input type=\"hidden\" id=\"_acf_screen\" name=\"_acf_screen\" value=\"user\"\/><input type=\"hidden\" id=\"_acf_post_id\" name=\"_acf_post_id\" value=\"user_0\"\/><input type=\"hidden\" id=\"_acf_validation\" name=\"_acf_validation\" value=\"0\"\/><input type=\"hidden\" id=\"_acf_nonce\" name=\"_acf_nonce\" value=\"2882aab783\"\/><input type=\"hidden\" id=\"_acf_changed\" name=\"_acf_changed\" value=\"0\"\/>\t<\/div>\n\t<h2>User Fields<\/h2><div class=\"acf-user-register-fields acf-fields -clear\"><div class=\"acf-field acf-field-country acf-field-63722e70c035f is-required\" data-name=\"user_country\" data-type=\"country\" data-key=\"field_63722e70c035f\" data-required=\"1\">\n<div class=\"acf-label\">\n<label for=\"acf-field_63722e70c035f\">Country <span class=\"acf-required\">*<\/span><\/label><\/div>\n<div class=\"acf-input\">\n<input type=\"hidden\" id=\"acf-field_63722e70c035f-input\" name=\"acf[field_63722e70c035f]\"\/><select id=\"acf-field_63722e70c035f\" class=\"\" name=\"acf[field_63722e70c035f]\" data-ui=\"1\" data-ajax=\"0\" data-multiple=\"0\" data-placeholder=\"Select a country\" data-allow_null=\"0\"><option value=\"AF\">Afganistan<\/option><option value=\"AL\">Albania<\/option><option value=\"DZ\">Algieria<\/option><option value=\"AD\">Andora<\/option><option value=\"AO\">Angola<\/option><option value=\"AI\">Anguilla<\/option><option value=\"AQ\">Antarktyda<\/option><option value=\"AG\">Antigua i Barbuda<\/option><option value=\"SA\">Arabia Saudyjska<\/option><option value=\"AR\">Argentyna<\/option><option value=\"AM\">Armenia<\/option><option value=\"AW\">Aruba<\/option><option value=\"AU\">Australia<\/option><option value=\"AT\">Austria<\/option><option value=\"AZ\">Azerbejd\u017can<\/option><option value=\"BS\">Bahamy<\/option><option value=\"BH\">Bahrajn<\/option><option value=\"BD\">Bangladesz<\/option><option value=\"BB\">Barbados<\/option><option value=\"BE\">Belgia<\/option><option value=\"BZ\">Belize<\/option><option value=\"BJ\">Benin<\/option><option value=\"BM\">Bermudy<\/option><option value=\"BT\">Bhutan<\/option><option value=\"BY\">Bia\u0142oru\u015b<\/option><option value=\"BO\">Boliwia<\/option><option value=\"BA\">Bo\u015bnia i Hercegowina<\/option><option value=\"BW\">Botswana<\/option><option value=\"BR\">Brazylia<\/option><option value=\"BN\">Brunei<\/option><option value=\"IO\">Brytyjskie Terytorium Oceanu Indyjskiego<\/option><option value=\"VG\">Brytyjskie Wyspy Dziewicze<\/option><option value=\"BG\">Bu\u0142garia<\/option><option value=\"BF\">Burkina Faso<\/option><option value=\"BI\">Burundi<\/option><option value=\"EA\">Ceuta i Melilla<\/option><option value=\"CL\">Chile<\/option><option value=\"CN\">Chiny<\/option><option value=\"HR\">Chorwacja<\/option><option value=\"CI\">C\u00f4te d\u2019Ivoire<\/option><option value=\"CW\">Cura\u00e7ao<\/option><option value=\"CY\">Cypr<\/option><option value=\"TD\">Czad<\/option><option value=\"ME\">Czarnog\u00f3ra<\/option><option value=\"CZ\">Czechy<\/option><option value=\"UM\">Dalekie Wyspy Mniejsze Stan\u00f3w Zjednoczonych<\/option><option value=\"DK\">Dania<\/option><option value=\"CD\">Demokratyczna Republika Konga<\/option><option value=\"DG\">Diego Garcia<\/option><option value=\"DM\">Dominika<\/option><option value=\"DO\">Dominikana<\/option><option value=\"DJ\">D\u017cibuti<\/option><option value=\"EG\">Egipt<\/option><option value=\"EC\">Ekwador<\/option><option value=\"ER\">Erytrea<\/option><option value=\"EE\">Estonia<\/option><option value=\"SZ\">Eswatini<\/option><option value=\"ET\">Etiopia<\/option><option value=\"FK\">Falklandy<\/option><option value=\"FJ\">Fid\u017ci<\/option><option value=\"PH\">Filipiny<\/option><option value=\"FI\">Finlandia<\/option><option value=\"FR\">Francja<\/option><option value=\"TF\">Francuskie Terytoria Po\u0142udniowe i Antarktyczne<\/option><option value=\"GA\">Gabon<\/option><option value=\"GM\">Gambia<\/option><option value=\"GS\">Georgia Po\u0142udniowa i Sandwich Po\u0142udniowy<\/option><option value=\"GH\">Ghana<\/option><option value=\"GI\">Gibraltar<\/option><option value=\"GR\">Grecja<\/option><option value=\"GD\">Grenada<\/option><option value=\"GL\">Grenlandia<\/option><option value=\"GE\">Gruzja<\/option><option value=\"GU\">Guam<\/option><option value=\"GG\">Guernsey<\/option><option value=\"GY\">Gujana<\/option><option value=\"GF\">Gujana Francuska<\/option><option value=\"GP\">Gwadelupa<\/option><option value=\"GT\">Gwatemala<\/option><option value=\"GN\">Gwinea<\/option><option value=\"GW\">Gwinea Bissau<\/option><option value=\"GQ\">Gwinea R\u00f3wnikowa<\/option><option value=\"HT\">Haiti<\/option><option value=\"ES\">Hiszpania<\/option><option value=\"NL\">Holandia<\/option><option value=\"HN\">Honduras<\/option><option value=\"IN\">Indie<\/option><option value=\"ID\">Indonezja<\/option><option value=\"IQ\">Irak<\/option><option value=\"IR\">Iran<\/option><option value=\"IE\">Irlandia<\/option><option value=\"IS\">Islandia<\/option><option value=\"IL\">Izrael<\/option><option value=\"JM\">Jamajka<\/option><option value=\"JP\">Japonia<\/option><option value=\"YE\">Jemen<\/option><option value=\"JE\">Jersey<\/option><option value=\"JO\">Jordania<\/option><option value=\"KY\">Kajmany<\/option><option value=\"KH\">Kambod\u017ca<\/option><option value=\"CM\">Kamerun<\/option><option value=\"CA\">Kanada<\/option><option value=\"QA\">Katar<\/option><option value=\"KZ\">Kazachstan<\/option><option value=\"KE\">Kenia<\/option><option value=\"KG\">Kirgistan<\/option><option value=\"KI\">Kiribati<\/option><option value=\"CO\">Kolumbia<\/option><option value=\"KM\">Komory<\/option><option value=\"CG\">Kongo<\/option><option value=\"KR\">Korea Po\u0142udniowa<\/option><option value=\"KP\">Korea P\u00f3\u0142nocna<\/option><option value=\"XK\">Kosowo<\/option><option value=\"CR\">Kostaryka<\/option><option value=\"CU\">Kuba<\/option><option value=\"KW\">Kuwejt<\/option><option value=\"LA\">Laos<\/option><option value=\"LS\">Lesotho<\/option><option value=\"LB\">Liban<\/option><option value=\"LR\">Liberia<\/option><option value=\"LY\">Libia<\/option><option value=\"LI\">Liechtenstein<\/option><option value=\"LT\">Litwa<\/option><option value=\"LU\">Luksemburg<\/option><option value=\"LV\">\u0141otwa<\/option><option value=\"MK\">Macedonia P\u00f3\u0142nocna<\/option><option value=\"MG\">Madagaskar<\/option><option value=\"YT\">Majotta<\/option><option value=\"MW\">Malawi<\/option><option value=\"MV\">Malediwy<\/option><option value=\"MY\">Malezja<\/option><option value=\"ML\">Mali<\/option><option value=\"MT\">Malta<\/option><option value=\"MP\">Mariany P\u00f3\u0142nocne<\/option><option value=\"MA\">Maroko<\/option><option value=\"MQ\">Martynika<\/option><option value=\"MR\">Mauretania<\/option><option value=\"MU\">Mauritius<\/option><option value=\"MX\">Meksyk<\/option><option value=\"FM\">Mikronezja<\/option><option value=\"MM\">Mjanma (Birma)<\/option><option value=\"MD\">Mo\u0142dawia<\/option><option value=\"MC\">Monako<\/option><option value=\"MN\">Mongolia<\/option><option value=\"MS\">Montserrat<\/option><option value=\"MZ\">Mozambik<\/option><option value=\"NA\">Namibia<\/option><option value=\"NR\">Nauru<\/option><option value=\"NP\">Nepal<\/option><option value=\"BQ\">Niderlandy Karaibskie<\/option><option value=\"DE\">Niemcy<\/option><option value=\"NE\">Niger<\/option><option value=\"NG\">Nigeria<\/option><option value=\"NI\">Nikaragua<\/option><option value=\"NU\">Niue<\/option><option value=\"NF\">Norfolk<\/option><option value=\"NO\">Norwegia<\/option><option value=\"NC\">Nowa Kaledonia<\/option><option value=\"NZ\">Nowa Zelandia<\/option><option value=\"OM\">Oman<\/option><option value=\"PK\">Pakistan<\/option><option value=\"PW\">Palau<\/option><option value=\"PA\">Panama<\/option><option value=\"PG\">Papua-Nowa Gwinea<\/option><option value=\"PY\">Paragwaj<\/option><option value=\"PE\">Peru<\/option><option value=\"PN\">Pitcairn<\/option><option value=\"PF\">Polinezja Francuska<\/option><option value=\"PL\">Polska<\/option><option value=\"PR\">Portoryko<\/option><option value=\"PT\">Portugalia<\/option><option value=\"XA\">Pseudoakcenty<\/option><option value=\"XB\">Pseudodwukierunkowe<\/option><option value=\"ZA\">Republika Po\u0142udniowej Afryki<\/option><option value=\"CF\">Republika \u015arodkowoafryka\u0144ska<\/option><option value=\"CV\">Republika Zielonego Przyl\u0105dka<\/option><option value=\"RE\">Reunion<\/option><option value=\"RU\">Rosja<\/option><option value=\"RO\">Rumunia<\/option><option value=\"RW\">Rwanda<\/option><option value=\"EH\">Sahara Zachodnia<\/option><option value=\"KN\">Saint Kitts i Nevis<\/option><option value=\"LC\">Saint Lucia<\/option><option value=\"VC\">Saint Vincent i Grenadyny<\/option><option value=\"BL\">Saint-Barth\u00e9lemy<\/option><option value=\"MF\">Saint-Martin<\/option><option value=\"PM\">Saint-Pierre i Miquelon<\/option><option value=\"SV\">Salwador<\/option><option value=\"WS\">Samoa<\/option><option value=\"AS\">Samoa Ameryka\u0144skie<\/option><option value=\"SM\">San Marino<\/option><option value=\"SN\">Senegal<\/option><option value=\"RS\">Serbia<\/option><option value=\"SC\">Seszele<\/option><option value=\"SL\">Sierra Leone<\/option><option value=\"SG\">Singapur<\/option><option value=\"SX\">Sint Maarten<\/option><option value=\"SK\">S\u0142owacja<\/option><option value=\"SI\">S\u0142owenia<\/option><option value=\"SO\">Somalia<\/option><option value=\"HK\">SRA Hongkong (Chiny)<\/option><option value=\"MO\">SRA Makau (Chiny)<\/option><option value=\"LK\">Sri Lanka<\/option><option value=\"US\">Stany Zjednoczone<\/option><option value=\"SD\">Sudan<\/option><option value=\"SS\">Sudan Po\u0142udniowy<\/option><option value=\"SR\">Surinam<\/option><option value=\"SJ\">Svalbard i Jan Mayen<\/option><option value=\"SY\">Syria<\/option><option value=\"CH\">Szwajcaria<\/option><option value=\"SE\">Szwecja<\/option><option value=\"TJ\">Tad\u017cykistan<\/option><option value=\"TH\">Tajlandia<\/option><option value=\"TW\">Tajwan<\/option><option value=\"TZ\">Tanzania<\/option><option value=\"PS\">Terytoria Palesty\u0144skie<\/option><option value=\"TL\">Timor Wschodni<\/option><option value=\"TG\">Togo<\/option><option value=\"TK\">Tokelau<\/option><option value=\"TO\">Tonga<\/option><option value=\"TA\">Tristan da Cunha<\/option><option value=\"TT\">Trynidad i Tobago<\/option><option value=\"TN\">Tunezja<\/option><option value=\"TR\">Turcja<\/option><option value=\"TM\">Turkmenistan<\/option><option value=\"TC\">Turks i Caicos<\/option><option value=\"TV\">Tuvalu<\/option><option value=\"UG\">Uganda<\/option><option value=\"UA\">Ukraina<\/option><option value=\"UY\">Urugwaj<\/option><option value=\"UZ\">Uzbekistan<\/option><option value=\"VU\">Vanuatu<\/option><option value=\"WF\">Wallis i Futuna<\/option><option value=\"VA\">Watykan<\/option><option value=\"VE\">Wenezuela<\/option><option value=\"HU\">W\u0119gry<\/option><option value=\"GB\">Wielka Brytania<\/option><option value=\"VN\">Wietnam<\/option><option value=\"IT\">W\u0142ochy<\/option><option value=\"CX\">Wyspa Bo\u017cego Narodzenia<\/option><option value=\"IM\">Wyspa Man<\/option><option value=\"SH\">Wyspa \u015awi\u0119tej Heleny<\/option><option value=\"AC\">Wyspa Wniebowst\u0105pienia<\/option><option value=\"AX\">Wyspy Alandzkie<\/option><option value=\"CK\">Wyspy Cooka<\/option><option value=\"VI\">Wyspy Dziewicze Stan\u00f3w Zjednoczonych<\/option><option value=\"IC\">Wyspy Kanaryjskie<\/option><option value=\"CC\">Wyspy Kokosowe<\/option><option value=\"MH\">Wyspy Marshalla<\/option><option value=\"FO\">Wyspy Owcze<\/option><option value=\"SB\">Wyspy Salomona<\/option><option value=\"ST\">Wyspy \u015awi\u0119tego Tomasza i Ksi\u0105\u017c\u0119ca<\/option><option value=\"ZM\">Zambia<\/option><option value=\"ZW\">Zimbabwe<\/option><option value=\"AE\">Zjednoczone Emiraty Arabskie<\/option><\/select><\/div>\n<\/div>\n<\/div>\t\t\t\t<input name=\"ld_register_id\" value=\"0\" type=\"hidden\" \/>\n\t\t\t\t<input type=\"hidden\" name=\"learndash-registration-form\" value=\"763964311a\" \/>\n\t\t\t\t<input type=\"hidden\" name=\"redirect_to\" value=\"https:\/\/www.elearning.mileageproject.eu\/pl\/registration\/?ld-registered=true&#038;ld_register_id=0\" \/>\n\t\t\t\t<p><input type=\"submit\" name=\"wp-submit\" id=\"wp-submit\" class=\"button button-primary button-large\" value=\"Register\" \/><\/p>\n\t\t\t<\/form>\n\t\t\t\t<\/div><\/div><\/div>","protected":false},"excerpt":{"rendered":"","protected":false},"author":1,"featured_media":0,"parent":0,"menu_order":0,"comment_status":"closed","ping_status":"closed","template":"","meta":{"_acf_changed":false,"footnotes":""},"class_list":["post-440","page","type-page","status-publish","hentry"],"acf":[],"_links":{"self":[{"href":"https:\/\/www.elearning.mileageproject.eu\/pl\/wp-json\/wp\/v2\/pages\/440","targetHints":{"allow":["GET"]}}],"collection":[{"href":"https:\/\/www.elearning.mileageproject.eu\/pl\/wp-json\/wp\/v2\/pages"}],"about":[{"href":"https:\/\/www.elearning.mileageproject.eu\/pl\/wp-json\/wp\/v2\/types\/page"}],"author":[{"embeddable":true,"href":"https:\/\/www.elearning.mileageproject.eu\/pl\/wp-json\/wp\/v2\/users\/1"}],"replies":[{"embeddable":true,"href":"https:\/\/www.elearning.mileageproject.eu\/pl\/wp-json\/wp\/v2\/comments?post=440"}],"version-history":[{"count":0,"href":"https:\/\/www.elearning.mileageproject.eu\/pl\/wp-json\/wp\/v2\/pages\/440\/revisions"}],"wp:attachment":[{"href":"https:\/\/www.elearning.mileageproject.eu\/pl\/wp-json\/wp\/v2\/media?parent=440"}],"curies":[{"name":"wp","href":"https:\/\/api.w.org\/{rel}","templated":true}]}}